{"id":2495,"date":"2022-06-12T19:23:30","date_gmt":"2022-06-12T17:23:30","guid":{"rendered":"https:\/\/arkamaluszka.pl\/?page_id=2495"},"modified":"2026-02-06T11:46:48","modified_gmt":"2026-02-06T10:46:48","slug":"akty-prawne","status":"publish","type":"page","link":"https:\/\/arkamaluszka.pl\/?page_id=2495","title":{"rendered":"Akty prawne"},"content":{"rendered":"<div class=\"fusion-fullwidth fullwidth-box fusion-builder-row-1 fusion-flex-container nonhundred-percent-fullwidth non-hundred-percent-height-scrolling\" style=\"--awb-border-radius-top-left:0px;--awb-border-radius-top-right:0px;--awb-border-radius-bottom-right:0px;--awb-border-radius-bottom-left:0px;--awb-flex-wrap:wrap;\" ><div class=\"fusion-builder-row fusion-row fusion-flex-align-items-flex-start fusion-flex-content-wrap\" style=\"max-width:1289.6px;margin-left: calc(-4% \/ 2 );margin-right: calc(-4% \/ 2 );\"><div class=\"fusion-layout-column fusion_builder_column fusion-builder-column-0 fusion_builder_column_1_1 1_1 fusion-flex-column\" style=\"--awb-bg-size:cover;--awb-width-large:100%;--awb-margin-top-large:0px;--awb-spacing-right-large:1.92%;--awb-margin-bottom-large:0px;--awb-spacing-left-large:1.92%;--awb-width-medium:100%;--awb-spacing-right-medium:1.92%;--awb-spacing-left-medium:1.92%;--awb-width-small:100%;--awb-spacing-right-small:1.92%;--awb-spacing-left-small:1.92%;\"><div class=\"fusion-column-wrapper fusion-flex-justify-content-flex-start fusion-content-layout-column\"><div class=\"fusion-text fusion-text-1\" style=\"--awb-text-transform:none;\"><h4><strong>Dokumenty do pobrania:<br \/>\n<\/strong><\/h4>\n<ul>\n<li><a href=\"https:\/\/arkamaluszka.pl\/wp-content\/uploads\/2024\/09\/nowy-Regulamin-organizacyjny-Gminnego-Zlobka-Arka-Maluszka-w-Kolonii-Kollataja.pdf\" target=\"_blank\" rel=\"noopener\">Regulamin organizacyjny Gminnego Z\u0307\u0142obka Arka Maluszka w Kolonii Ko\u0142\u0142a\u0328taja (PDF, 231 KB)<\/a><\/li>\n<li><a href=\"https:\/\/arkamaluszka.pl\/wp-content\/uploads\/2025\/02\/Uchwala-w-sprawie-ustalenia-wysokosci-oplat-za-pobyt-i-wyzywienie-dziecka-w-Gminnym-Zlobku-\u201eArka-Maluszka5.pdf\" target=\"_blank\" rel=\"attachment noopener wp-att-9405\">Uchwa\u0142a w sprawie ustalenia wysokos\u0301ci op\u0142at za pobyt i wyz\u0307ywienie dziecka w Gminnym Z\u0307\u0142obku Arka Maluszka<\/a><\/li>\n<li><a href=\"https:\/\/arkamaluszka.pl\/wp-content\/uploads\/2022\/06\/Ustawa-z-dnia-4-lutego-2011-r.-o-opiece-nad-dziec\u0301mi-w-wieku-do-lat-3.pdf\" target=\"_blank\" rel=\"noopener\">Ustawa z dnia 4 lutego 2011 r. o opiece nad dziec\u0301mi w wieku do lat 3 (PDF, 728 KB)<\/a><\/li>\n<li><a href=\"https:\/\/arkamaluszka.pl\/wp-content\/uploads\/2023\/02\/Regulamin-Rady-Rodzicow.pdf\" target=\"_blank\" rel=\"noopener\">Regulamin Rady rodzic\u00f3w<\/a><\/li>\n<li><a href=\"https:\/\/arkamaluszka.pl\/wp-content\/uploads\/2026\/01\/NOWY-STATUT-ZLOBKA-2025-2026.pdf\" target=\"_blank\" rel=\"noopener\">Statut Gminnego \u017b\u0142obka<\/a><\/li>\n<li><a href=\"https:\/\/arkamaluszka.pl\/wp-content\/uploads\/2026\/02\/Zarzadzenie-procedury.pdf\" target=\"_blank\" rel=\"attachment noopener wp-att-8751\">Procedury dotycz\u0105ce bezpiecze\u0144stwa dzieci w Gminnym \u017b\u0142obku &#8222;Arka Maluszka&#8221;<\/a><\/li>\n<li><a href=\"https:\/\/arkamaluszka.pl\/wp-content\/uploads\/2024\/08\/Standardy-Ochrony-dzieci.pdf\" target=\"_blank\" rel=\"attachment noopener wp-att-8755\">Standardy Ochrony dzieci<\/a><\/li>\n<li><a href=\"https:\/\/arkamaluszka.pl\/wp-content\/uploads\/2025\/09\/Prezentacja-Standardy-Ochrony-Dzieci-aktualne.pdf\" target=\"_blank\" rel=\"attachment noopener wp-att-8756\">Prezentacja- Standardy Ochrony dzieci<\/a><\/li>\n<li><a href=\"https:\/\/arkamaluszka.pl\/wp-content\/uploads\/2025\/08\/Karta-Informacji-o-dziecku-na-potrzeby-adaptacji-w-zlobku.pdf\" rel=\"attachment wp-att-10031\">Karta Informacji o dziecku &#8211; na potrzeby adaptacji w \u017c\u0142obku<\/a><\/li>\n<\/ul>\n<\/div><\/div><\/div><\/div><\/div>\n","protected":false},"excerpt":{"rendered":"","protected":false},"author":1,"featured_media":0,"parent":0,"menu_order":0,"comment_status":"closed","ping_status":"closed","template":"","meta":{"footnotes":""},"class_list":["post-2495","page","type-page","status-publish","hentry"],"_links":{"self":[{"href":"https:\/\/arkamaluszka.pl\/index.php?rest_route=\/wp\/v2\/pages\/2495","targetHints":{"allow":["GET"]}}],"collection":[{"href":"https:\/\/arkamaluszka.pl\/index.php?rest_route=\/wp\/v2\/pages"}],"about":[{"href":"https:\/\/arkamaluszka.pl\/index.php?rest_route=\/wp\/v2\/types\/page"}],"author":[{"embeddable":true,"href":"https:\/\/arkamaluszka.pl\/index.php?rest_route=\/wp\/v2\/users\/1"}],"replies":[{"embeddable":true,"href":"https:\/\/arkamaluszka.pl\/index.php?rest_route=%2Fwp%2Fv2%2Fcomments&post=2495"}],"version-history":[{"count":25,"href":"https:\/\/arkamaluszka.pl\/index.php?rest_route=\/wp\/v2\/pages\/2495\/revisions"}],"predecessor-version":[{"id":10279,"href":"https:\/\/arkamaluszka.pl\/index.php?rest_route=\/wp\/v2\/pages\/2495\/revisions\/10279"}],"wp:attachment":[{"href":"https:\/\/arkamaluszka.pl\/index.php?rest_route=%2Fwp%2Fv2%2Fmedia&parent=2495"}],"curies":[{"name":"wp","href":"https:\/\/api.w.org\/{rel}","templated":true}]}}