{"id":2508,"date":"2022-06-12T19:31:54","date_gmt":"2022-06-12T17:31:54","guid":{"rendered":"https:\/\/arkamaluszka.pl\/?page_id=2508"},"modified":"2026-01-07T12:32:52","modified_gmt":"2026-01-07T11:32:52","slug":"ramowy-rozklad-dnia","status":"publish","type":"page","link":"https:\/\/arkamaluszka.pl\/?page_id=2508","title":{"rendered":"Harmonogram dnia w \u017b\u0142obku &#8222;Arka Maluszka&#8221;"},"content":{"rendered":"<div class=\"fusion-fullwidth fullwidth-box fusion-builder-row-1 fusion-flex-container nonhundred-percent-fullwidth non-hundred-percent-height-scrolling\" style=\"--awb-border-radius-top-left:0px;--awb-border-radius-top-right:0px;--awb-border-radius-bottom-right:0px;--awb-border-radius-bottom-left:0px;--awb-flex-wrap:wrap;\" ><div class=\"fusion-builder-row fusion-row fusion-flex-align-items-flex-start fusion-flex-content-wrap\" style=\"max-width:1289.6px;margin-left: calc(-4% \/ 2 );margin-right: calc(-4% \/ 2 );\"><div class=\"fusion-layout-column fusion_builder_column fusion-builder-column-0 fusion_builder_column_1_1 1_1 fusion-flex-column\" style=\"--awb-bg-size:cover;--awb-width-large:100%;--awb-margin-top-large:0px;--awb-spacing-right-large:1.92%;--awb-margin-bottom-large:0px;--awb-spacing-left-large:1.92%;--awb-width-medium:100%;--awb-spacing-right-medium:1.92%;--awb-spacing-left-medium:1.92%;--awb-width-small:100%;--awb-spacing-right-small:1.92%;--awb-spacing-left-small:1.92%;\"><div class=\"fusion-column-wrapper fusion-flex-justify-content-flex-start fusion-content-layout-column\"><div class=\"fusion-text fusion-text-1\" style=\"--awb-text-transform:none;\"><h4><strong>Harmonogram dnia\u00a0 w \u017c\u0142obku &#8222;Arka Maluszka&#8221; obejmuj\u0105cy sta\u0142e i zmienne elementy<\/strong><\/h4>\n<p>Poczucie bezpiecze\u0144stwa dzieci opiera si\u0119 na rutynie i rytua\u0142ach na podstawie Harmonogramu dnia w \u017c\u0142obku.<\/p>\n<p>Harmonogram dnia zawiera nast\u0119puj\u0105ce elementy:<\/p>\n<p><strong>6:30 &#8211; 8:00<\/strong>\u00a0 \u00a0 \u00a0Schodzenie si\u0119 dzieci\/Zabawy swobodne\/Powitania indywidualne i grupowe.<\/p>\n<hr \/>\n<p><strong>8:10 &#8211; 8:30 \u00a0\u00a0\u00a0\u00a0<\/strong> Przygotowanie do \u015bniadania. \u015aniadanie<\/p>\n<hr \/>\n<p><strong>8:30 &#8211; 9:45\u00a0 \u00a0 \u00a0<\/strong>Pobyt na powietrzu* \/Zabawy swobodne oraz aktywno\u015bci inicjowane przez personel uwzgl\u0119dniaj\u0105ce aktywno\u015b\u0107 wszystkich dzieci<\/p>\n<hr \/>\n<p><strong>9:45\u2013 10:30<\/strong>\u00a0 \u00a0 \u00a0Przygotowanie do posi\u0142ku i posi\u0142ek: Zupa.<\/p>\n<hr \/>\n<p><strong>10:30-12:30 \u00a0\u00a0\u00a0\u00a0<\/strong> Przygotowanie do odpoczynku. Odpoczynek<\/p>\n<hr \/>\n<p><strong>12:30 &#8211; 13:15<\/strong>\u00a0 \u00a0 \u00a0Przygotowanie do posi\u0142ku i posi\u0142ek: II danie<\/p>\n<hr \/>\n<p><strong>13:15\u2013 14:00<\/strong>\u00a0 \u00a0 \u00a0Zabawy swobodne\/Tematyczne<\/p>\n<hr \/>\n<p><strong>14:00-14:30<\/strong>\u00a0 \u00a0 \u00a0Przygotowanie do posi\u0142ku i posi\u0142ek: Podwieczorek<\/p>\n<hr \/>\n<p><strong>14:30-16:30<\/strong> \u00a0\u00a0\u00a0 Podwieczorek, zabiegi higieniczne przed i po posi\u0142ku.<\/p>\n<hr \/>\n<p><strong>*<\/strong>W razie ekstremalnych warunk\u00f3w pogodowych zabawy dowolne w sali organizowane przez opiekunki.<\/p>\n<p>Przedstawiony rozk\u0142ad dnia ma charakter orientacyjny. Organizacja dnia w \u017b\u0142obku jest elastyczna i ka\u017cdorazowo dostosowywana do indywidualnych potrzeb oraz mo\u017cliwo\u015bci psychofizycznych dzieci, z uwzgl\u0119dnieniem i poszanowaniem ich praw, zgodnie z Konwencj\u0105 Praw Dziecka.<\/p>\n<p>Czynno\u015bci higieniczne, takie jak zmiana pieluszek,mycie,podmywanie czy od\u015bwie\u017canie dziecka, wykonywane s\u0105 zgodnie z bie\u017c\u0105cymi potrzebami dziecka, w momencie, gdy jest to konieczne, a nie wed\u0142ug sztywno ustalonego planu ca\u0142ej grupy. Starszym dzieciom korzystaj\u0105cym z nocnika regularnie przypomina si\u0119 o mo\u017cliwo\u015bci skorzystania z toalety. Wszystkie te czynno\u015bci odbywaj\u0105 si\u0119 spokojnie, bez po\u015bpiechu, z zachowaniem delikatno\u015bci i sta\u0142ego kontaktu z dzieckiem.<\/p>\n<p>Ka\u017cdego dnia w planie dnia przewidziany jest czas przeznaczony na odpoczynek w dw\u00f3ch formach.<\/p>\n<\/div><\/div><\/div><\/div><\/div>\n","protected":false},"excerpt":{"rendered":"","protected":false},"author":1,"featured_media":0,"parent":0,"menu_order":0,"comment_status":"closed","ping_status":"closed","template":"","meta":{"footnotes":""},"class_list":["post-2508","page","type-page","status-publish","hentry"],"_links":{"self":[{"href":"https:\/\/arkamaluszka.pl\/index.php?rest_route=\/wp\/v2\/pages\/2508","targetHints":{"allow":["GET"]}}],"collection":[{"href":"https:\/\/arkamaluszka.pl\/index.php?rest_route=\/wp\/v2\/pages"}],"about":[{"href":"https:\/\/arkamaluszka.pl\/index.php?rest_route=\/wp\/v2\/types\/page"}],"author":[{"embeddable":true,"href":"https:\/\/arkamaluszka.pl\/index.php?rest_route=\/wp\/v2\/users\/1"}],"replies":[{"embeddable":true,"href":"https:\/\/arkamaluszka.pl\/index.php?rest_route=%2Fwp%2Fv2%2Fcomments&post=2508"}],"version-history":[{"count":6,"href":"https:\/\/arkamaluszka.pl\/index.php?rest_route=\/wp\/v2\/pages\/2508\/revisions"}],"predecessor-version":[{"id":10230,"href":"https:\/\/arkamaluszka.pl\/index.php?rest_route=\/wp\/v2\/pages\/2508\/revisions\/10230"}],"wp:attachment":[{"href":"https:\/\/arkamaluszka.pl\/index.php?rest_route=%2Fwp%2Fv2%2Fmedia&parent=2508"}],"curies":[{"name":"wp","href":"https:\/\/api.w.org\/{rel}","templated":true}]}}