{"id":2522,"date":"2022-06-12T20:11:13","date_gmt":"2022-06-12T18:11:13","guid":{"rendered":"https:\/\/arkamaluszka.pl\/?page_id=2522"},"modified":"2025-06-24T10:26:04","modified_gmt":"2025-06-24T08:26:04","slug":"karta-zgloszenia","status":"publish","type":"page","link":"https:\/\/arkamaluszka.pl\/?page_id=2522","title":{"rendered":"Karta zg\u0142oszenia"},"content":{"rendered":"<div class=\"fusion-fullwidth fullwidth-box fusion-builder-row-1 fusion-flex-container nonhundred-percent-fullwidth non-hundred-percent-height-scrolling\" style=\"--awb-border-radius-top-left:0px;--awb-border-radius-top-right:0px;--awb-border-radius-bottom-right:0px;--awb-border-radius-bottom-left:0px;--awb-flex-wrap:wrap;\" ><div class=\"fusion-builder-row fusion-row fusion-flex-align-items-flex-start fusion-flex-content-wrap\" style=\"max-width:1289.6px;margin-left: calc(-4% \/ 2 );margin-right: calc(-4% \/ 2 );\"><div class=\"fusion-layout-column fusion_builder_column fusion-builder-column-0 fusion_builder_column_1_1 1_1 fusion-flex-column\" style=\"--awb-bg-size:cover;--awb-width-large:100%;--awb-margin-top-large:0px;--awb-spacing-right-large:1.92%;--awb-margin-bottom-large:0px;--awb-spacing-left-large:1.92%;--awb-width-medium:100%;--awb-order-medium:0;--awb-spacing-right-medium:1.92%;--awb-spacing-left-medium:1.92%;--awb-width-small:100%;--awb-order-small:0;--awb-spacing-right-small:1.92%;--awb-spacing-left-small:1.92%;\"><div class=\"fusion-column-wrapper fusion-column-has-shadow fusion-flex-justify-content-flex-start fusion-content-layout-column\"><div class=\"fusion-text fusion-text-1\" style=\"--awb-text-transform:none;\"><h4>Do pobrania:<\/h4>\n<ul>\n<li><a href=\"https:\/\/arkamaluszka.pl\/wp-content\/uploads\/2025\/06\/Karta_zgloszenia_do_zlobka_Arka_Maluszka-2025-2026.pdf\" target=\"_blank\" rel=\"noopener\">Karta zg\u0142oszenia do \u017c\u0142obka Arka Maluszka (PDF, 277 Kb)<\/a><\/li>\n<li><a href=\"https:\/\/arkamaluszka.pl\/wp-content\/uploads\/2023\/05\/Deklaracja-woli-kontynuacji-opieki-nad-dzieckiem.pdf\">Deklaracja woli kontynuacji opieki nad dzieckiem pdf.<\/a>&#8211; (Dotyczy dzieci ucz\u0119szczaj\u0105cych do plac\u00f3wki)<\/li>\n<\/ul>\n<\/div><\/div><\/div><\/div><\/div>\n","protected":false},"excerpt":{"rendered":"","protected":false},"author":1,"featured_media":0,"parent":0,"menu_order":0,"comment_status":"closed","ping_status":"closed","template":"","meta":{"footnotes":""},"class_list":["post-2522","page","type-page","status-publish","hentry"],"_links":{"self":[{"href":"https:\/\/arkamaluszka.pl\/index.php?rest_route=\/wp\/v2\/pages\/2522","targetHints":{"allow":["GET"]}}],"collection":[{"href":"https:\/\/arkamaluszka.pl\/index.php?rest_route=\/wp\/v2\/pages"}],"about":[{"href":"https:\/\/arkamaluszka.pl\/index.php?rest_route=\/wp\/v2\/types\/page"}],"author":[{"embeddable":true,"href":"https:\/\/arkamaluszka.pl\/index.php?rest_route=\/wp\/v2\/users\/1"}],"replies":[{"embeddable":true,"href":"https:\/\/arkamaluszka.pl\/index.php?rest_route=%2Fwp%2Fv2%2Fcomments&post=2522"}],"version-history":[{"count":16,"href":"https:\/\/arkamaluszka.pl\/index.php?rest_route=\/wp\/v2\/pages\/2522\/revisions"}],"predecessor-version":[{"id":10020,"href":"https:\/\/arkamaluszka.pl\/index.php?rest_route=\/wp\/v2\/pages\/2522\/revisions\/10020"}],"wp:attachment":[{"href":"https:\/\/arkamaluszka.pl\/index.php?rest_route=%2Fwp%2Fv2%2Fmedia&parent=2522"}],"curies":[{"name":"wp","href":"https:\/\/api.w.org\/{rel}","templated":true}]}}