{"id":2527,"date":"2022-06-12T20:13:05","date_gmt":"2022-06-12T18:13:05","guid":{"rendered":"https:\/\/arkamaluszka.pl\/?page_id=2527"},"modified":"2025-08-01T09:23:21","modified_gmt":"2025-08-01T07:23:21","slug":"umowa","status":"publish","type":"page","link":"https:\/\/arkamaluszka.pl\/?page_id=2527","title":{"rendered":"Umowa"},"content":{"rendered":"<div class=\"fusion-fullwidth fullwidth-box fusion-builder-row-1 fusion-flex-container nonhundred-percent-fullwidth non-hundred-percent-height-scrolling\" style=\"--awb-border-radius-top-left:0px;--awb-border-radius-top-right:0px;--awb-border-radius-bottom-right:0px;--awb-border-radius-bottom-left:0px;--awb-flex-wrap:wrap;\" ><div class=\"fusion-builder-row fusion-row fusion-flex-align-items-flex-start fusion-flex-content-wrap\" style=\"max-width:1289.6px;margin-left: calc(-4% \/ 2 );margin-right: calc(-4% \/ 2 );\"><div class=\"fusion-layout-column fusion_builder_column fusion-builder-column-0 fusion_builder_column_1_1 1_1 fusion-flex-column\" style=\"--awb-bg-size:cover;--awb-width-large:100%;--awb-margin-top-large:0px;--awb-spacing-right-large:1.92%;--awb-margin-bottom-large:0px;--awb-spacing-left-large:1.92%;--awb-width-medium:100%;--awb-spacing-right-medium:1.92%;--awb-spacing-left-medium:1.92%;--awb-width-small:100%;--awb-spacing-right-small:1.92%;--awb-spacing-left-small:1.92%;\"><div class=\"fusion-column-wrapper fusion-flex-justify-content-flex-start fusion-content-layout-column\"><div class=\"fusion-text fusion-text-1\" style=\"--awb-text-transform:none;\"><h4>Do pobrania:<\/h4>\n<ul>\n<li><a href=\"https:\/\/arkamaluszka.pl\/wp-content\/uploads\/2025\/08\/UMOWA-2025-AKTUALNA-NOWA.pdf\" target=\"_blank\" rel=\"noopener\">Umowa w sprawie korzystania z us\u0142ug Gminnego \u017b\u0142obka \u201eArka Maluszka\u201d 2025-2026 (PDF, 102 KB)<\/a><\/li>\n<\/ul>\n<\/div><\/div><\/div><\/div><\/div>\n","protected":false},"excerpt":{"rendered":"","protected":false},"author":1,"featured_media":0,"parent":0,"menu_order":0,"comment_status":"closed","ping_status":"closed","template":"","meta":{"footnotes":""},"class_list":["post-2527","page","type-page","status-publish","hentry"],"_links":{"self":[{"href":"https:\/\/arkamaluszka.pl\/index.php?rest_route=\/wp\/v2\/pages\/2527","targetHints":{"allow":["GET"]}}],"collection":[{"href":"https:\/\/arkamaluszka.pl\/index.php?rest_route=\/wp\/v2\/pages"}],"about":[{"href":"https:\/\/arkamaluszka.pl\/index.php?rest_route=\/wp\/v2\/types\/page"}],"author":[{"embeddable":true,"href":"https:\/\/arkamaluszka.pl\/index.php?rest_route=\/wp\/v2\/users\/1"}],"replies":[{"embeddable":true,"href":"https:\/\/arkamaluszka.pl\/index.php?rest_route=%2Fwp%2Fv2%2Fcomments&post=2527"}],"version-history":[{"count":6,"href":"https:\/\/arkamaluszka.pl\/index.php?rest_route=\/wp\/v2\/pages\/2527\/revisions"}],"predecessor-version":[{"id":10025,"href":"https:\/\/arkamaluszka.pl\/index.php?rest_route=\/wp\/v2\/pages\/2527\/revisions\/10025"}],"wp:attachment":[{"href":"https:\/\/arkamaluszka.pl\/index.php?rest_route=%2Fwp%2Fv2%2Fmedia&parent=2527"}],"curies":[{"name":"wp","href":"https:\/\/api.w.org\/{rel}","templated":true}]}}