{"id":2592,"date":"2022-06-20T11:23:31","date_gmt":"2022-06-20T09:23:31","guid":{"rendered":"https:\/\/arkamaluszka.pl\/?page_id=2592"},"modified":"2025-02-14T13:56:33","modified_gmt":"2025-02-14T12:56:33","slug":"grupa-zdobywcy","status":"publish","type":"page","link":"https:\/\/arkamaluszka.pl\/?page_id=2592","title":{"rendered":"Grupa Zdobywcy"},"content":{"rendered":"<div class=\"fusion-fullwidth fullwidth-box fusion-builder-row-1 fusion-flex-container nonhundred-percent-fullwidth non-hundred-percent-height-scrolling\" style=\"--awb-border-radius-top-left:0px;--awb-border-radius-top-right:0px;--awb-border-radius-bottom-right:0px;--awb-border-radius-bottom-left:0px;--awb-flex-wrap:wrap;\" ><div class=\"fusion-builder-row fusion-row fusion-flex-align-items-flex-start fusion-flex-content-wrap\" style=\"max-width:1289.6px;margin-left: calc(-4% \/ 2 );margin-right: calc(-4% \/ 2 );\"><div class=\"fusion-layout-column fusion_builder_column fusion-builder-column-0 fusion_builder_column_1_1 1_1 fusion-flex-column\" style=\"--awb-bg-size:cover;--awb-width-large:100%;--awb-margin-top-large:0px;--awb-spacing-right-large:1.92%;--awb-margin-bottom-large:0px;--awb-spacing-left-large:1.92%;--awb-width-medium:100%;--awb-spacing-right-medium:1.92%;--awb-spacing-left-medium:1.92%;--awb-width-small:100%;--awb-spacing-right-small:1.92%;--awb-spacing-left-small:1.92%;\"><div class=\"fusion-column-wrapper fusion-flex-justify-content-flex-start fusion-content-layout-column\"><div class=\"fusion-text fusion-text-1\" style=\"--awb-text-transform:none;\"><h2>Grupa Zdobywcy<\/h2>\n<p><strong>Zdobywcy to My! Nadszed\u0142 ju\u017c czas by Zdoby\u0107 Wielki \u015awiat!<\/strong><\/p>\n<p style=\"margin: 0cm; line-height: 150%;\">Zdobywcy to grupa dzieci w przedziale wiekowym od 2 do 3 lat. Liczy ona 25 Maluch\u00f3w, w\u015br\u00f3d kt\u00f3rych jest 11 dziewczynek i 14 ch\u0142opc\u00f3w.<\/p>\n<p style=\"margin: 0cm; text-align: justify; line-height: 150%;\">Stymulujemy zmys\u0142y dzieci poprzez&nbsp;odpowiednio dobrane metody pracy oraz&nbsp;\u015brodki dydaktyczne. Dzieci stale eksperymentuj\u0105 i&nbsp;ucz\u0105 si\u0119 poprzez&nbsp;zabaw\u0119. Ka\u017cdy dzie\u0144 w Grupie Zdobywc\u00f3w wype\u0142niony jest ciekawymi zaj\u0119ciami, w&nbsp;kt\u00f3rych dzieci ch\u0119tnie uczestnicz\u0105 i&nbsp;rozwijaj\u0105 swoje umiej\u0119tno\u015bci. S\u0142uchamy muzyki, ta\u0144czymy, \u015bpiewamy piosenki i&nbsp;odzwierciedlamy je&nbsp;ruchem. Do\u015bwiadczamy&nbsp;fascynuj\u0105cych podr\u00f3\u017cy poprzez&nbsp;bajki, opowiadania i&nbsp;teatrzyki. Dzi\u0119ki profesjonalnej i oddanej kadrze, pracuj\u0105cej wg najwy\u017cszych standard\u00f3w, Dzielni Zdobywcy z u\u015bmiechem i wiar\u0105 we w\u0142asne mo\u017cliwo\u015bci stawiaj\u0105 czo\u0142a codziennym wyzwaniom, a pobyt w Naszym \u017b\u0142obku jest dla nich czasem przyjemno\u015bci i wszechstronnego rozwoju. Ich dzie\u0144 jest zorganizowany wg indywidualnego rytmu i potrzeb, a codzienne zabawy dydaktyczno-wychowawcze pozwalaj\u0105 na najlepsze przygotowanie dzieci do kolejnego etapu edukacyjnego w przedszkolu. Zdobywcy, podobnie jak Mali Odkrywcy, zajmuj\u0105 trzy pomieszczenia o \u0142\u0105cznej powierzchni ok.130 m 2 (dzienne, odpoczynku i \u0142azienka). Sale zosta\u0142y wyposa\u017cone w sprz\u0119ty i pomoce utrzymane w klimacie g\u00f3rskim. Nie brakuje sensorycznych zabawek dopasowanych do poziomu Dzielnych Zdobywc\u00f3w. Tu r\u00f3wnie\u017c, wszystkie elementy wyposa\u017cenia, wystroju, jak r\u00f3wnie\u017c zabawki, spe\u0142niaj\u0105 wymogi i posiadaj\u0105 wszelkie niezb\u0119dne atesty i certyfikaty, aby mog\u0142y z nich korzysta\u0107 dzieci do lat 3.<\/p>\n\n\t\t<style type=\"text\/css\">\n\t\t\t#gallery-1 {\n\t\t\t\tmargin: auto;\n\t\t\t}\n\t\t\t#gallery-1 .gallery-item {\n\t\t\t\tfloat: left;\n\t\t\t\tmargin-top: 10px;\n\t\t\t\ttext-align: center;\n\t\t\t\twidth: 33%;\n\t\t\t}\n\t\t\t#gallery-1 img {\n\t\t\t\tborder: 2px solid #cfcfcf;\n\t\t\t}\n\t\t\t#gallery-1 .gallery-caption {\n\t\t\t\tmargin-left: 0;\n\t\t\t}\n\t\t\t\/* see gallery_shortcode() in wp-includes\/media.php *\/\n\t\t<\/style>\n\t\t<div id='gallery-1' class='gallery galleryid-2592 gallery-columns-3 gallery-size-thumbnail'><dl class='gallery-item'>\n\t\t\t<dt class='gallery-icon landscape'>\n\t\t\t\t<a data-rel=\"iLightbox[postimages]\" data-title=\"1z (2)\" data-caption=\"\" href='https:\/\/arkamaluszka.pl\/wp-content\/uploads\/2025\/02\/1z-2-1.jpg'><img decoding=\"async\" width=\"400\" height=\"400\" src=\"https:\/\/arkamaluszka.pl\/wp-content\/uploads\/2025\/02\/1z-2-1-400x400.jpg\" class=\"attachment-thumbnail size-thumbnail lazyload\" alt=\"\" srcset=\"data:image\/svg+xml,%3Csvg%20xmlns%3D%27http%3A%2F%2Fwww.w3.org%2F2000%2Fsvg%27%20width%3D%271600%27%20height%3D%271200%27%20viewBox%3D%270%200%201600%201200%27%3E%3Crect%20width%3D%271600%27%20height%3D%271200%27%20fill-opacity%3D%220%22%2F%3E%3C%2Fsvg%3E\" data-orig-src=\"https:\/\/arkamaluszka.pl\/wp-content\/uploads\/2025\/02\/1z-2-1-400x400.jpg\" data-srcset=\"https:\/\/arkamaluszka.pl\/wp-content\/uploads\/2025\/02\/1z-2-1-66x66.jpg 66w, https:\/\/arkamaluszka.pl\/wp-content\/uploads\/2025\/02\/1z-2-1-400x400.jpg 400w\" data-sizes=\"auto\" \/><\/a>\n\t\t\t<\/dt><\/dl><dl class='gallery-item'>\n\t\t\t<dt class='gallery-icon portrait'>\n\t\t\t\t<a data-rel=\"iLightbox[postimages]\" data-title=\"2z (2)\" data-caption=\"\" href='https:\/\/arkamaluszka.pl\/wp-content\/uploads\/2025\/02\/2z-2-1.jpg'><img decoding=\"async\" width=\"400\" height=\"400\" src=\"https:\/\/arkamaluszka.pl\/wp-content\/uploads\/2025\/02\/2z-2-1-400x400.jpg\" class=\"attachment-thumbnail size-thumbnail lazyload\" alt=\"\" srcset=\"data:image\/svg+xml,%3Csvg%20xmlns%3D%27http%3A%2F%2Fwww.w3.org%2F2000%2Fsvg%27%20width%3D%271200%27%20height%3D%271600%27%20viewBox%3D%270%200%201200%201600%27%3E%3Crect%20width%3D%271200%27%20height%3D%271600%27%20fill-opacity%3D%220%22%2F%3E%3C%2Fsvg%3E\" data-orig-src=\"https:\/\/arkamaluszka.pl\/wp-content\/uploads\/2025\/02\/2z-2-1-400x400.jpg\" data-srcset=\"https:\/\/arkamaluszka.pl\/wp-content\/uploads\/2025\/02\/2z-2-1-66x66.jpg 66w, https:\/\/arkamaluszka.pl\/wp-content\/uploads\/2025\/02\/2z-2-1-400x400.jpg 400w\" data-sizes=\"auto\" \/><\/a>\n\t\t\t<\/dt><\/dl><dl class='gallery-item'>\n\t\t\t<dt class='gallery-icon landscape'>\n\t\t\t\t<a data-rel=\"iLightbox[postimages]\" data-title=\"3z (2)\" data-caption=\"\" href='https:\/\/arkamaluszka.pl\/wp-content\/uploads\/2025\/02\/3z-2-1.jpg'><img decoding=\"async\" width=\"400\" height=\"400\" src=\"https:\/\/arkamaluszka.pl\/wp-content\/uploads\/2025\/02\/3z-2-1-400x400.jpg\" class=\"attachment-thumbnail size-thumbnail lazyload\" alt=\"\" srcset=\"data:image\/svg+xml,%3Csvg%20xmlns%3D%27http%3A%2F%2Fwww.w3.org%2F2000%2Fsvg%27%20width%3D%271600%27%20height%3D%271200%27%20viewBox%3D%270%200%201600%201200%27%3E%3Crect%20width%3D%271600%27%20height%3D%271200%27%20fill-opacity%3D%220%22%2F%3E%3C%2Fsvg%3E\" data-orig-src=\"https:\/\/arkamaluszka.pl\/wp-content\/uploads\/2025\/02\/3z-2-1-400x400.jpg\" data-srcset=\"https:\/\/arkamaluszka.pl\/wp-content\/uploads\/2025\/02\/3z-2-1-66x66.jpg 66w, https:\/\/arkamaluszka.pl\/wp-content\/uploads\/2025\/02\/3z-2-1-400x400.jpg 400w\" data-sizes=\"auto\" \/><\/a>\n\t\t\t<\/dt><\/dl><br style=\"clear: both\" \/><dl class='gallery-item'>\n\t\t\t<dt class='gallery-icon landscape'>\n\t\t\t\t<a data-rel=\"iLightbox[postimages]\" data-title=\"4z (2)\" data-caption=\"\" href='https:\/\/arkamaluszka.pl\/wp-content\/uploads\/2025\/02\/4z-2-1.jpg'><img decoding=\"async\" width=\"400\" height=\"400\" src=\"https:\/\/arkamaluszka.pl\/wp-content\/uploads\/2025\/02\/4z-2-1-400x400.jpg\" class=\"attachment-thumbnail size-thumbnail lazyload\" alt=\"\" srcset=\"data:image\/svg+xml,%3Csvg%20xmlns%3D%27http%3A%2F%2Fwww.w3.org%2F2000%2Fsvg%27%20width%3D%271600%27%20height%3D%271200%27%20viewBox%3D%270%200%201600%201200%27%3E%3Crect%20width%3D%271600%27%20height%3D%271200%27%20fill-opacity%3D%220%22%2F%3E%3C%2Fsvg%3E\" data-orig-src=\"https:\/\/arkamaluszka.pl\/wp-content\/uploads\/2025\/02\/4z-2-1-400x400.jpg\" data-srcset=\"https:\/\/arkamaluszka.pl\/wp-content\/uploads\/2025\/02\/4z-2-1-66x66.jpg 66w, https:\/\/arkamaluszka.pl\/wp-content\/uploads\/2025\/02\/4z-2-1-400x400.jpg 400w\" data-sizes=\"auto\" \/><\/a>\n\t\t\t<\/dt><\/dl><dl class='gallery-item'>\n\t\t\t<dt class='gallery-icon portrait'>\n\t\t\t\t<a data-rel=\"iLightbox[postimages]\" data-title=\"5z (2)\" data-caption=\"\" href='https:\/\/arkamaluszka.pl\/wp-content\/uploads\/2025\/02\/5z-2-1.jpg'><img decoding=\"async\" width=\"400\" height=\"400\" src=\"https:\/\/arkamaluszka.pl\/wp-content\/uploads\/2025\/02\/5z-2-1-400x400.jpg\" class=\"attachment-thumbnail size-thumbnail lazyload\" alt=\"\" srcset=\"data:image\/svg+xml,%3Csvg%20xmlns%3D%27http%3A%2F%2Fwww.w3.org%2F2000%2Fsvg%27%20width%3D%271200%27%20height%3D%271600%27%20viewBox%3D%270%200%201200%201600%27%3E%3Crect%20width%3D%271200%27%20height%3D%271600%27%20fill-opacity%3D%220%22%2F%3E%3C%2Fsvg%3E\" data-orig-src=\"https:\/\/arkamaluszka.pl\/wp-content\/uploads\/2025\/02\/5z-2-1-400x400.jpg\" data-srcset=\"https:\/\/arkamaluszka.pl\/wp-content\/uploads\/2025\/02\/5z-2-1-66x66.jpg 66w, https:\/\/arkamaluszka.pl\/wp-content\/uploads\/2025\/02\/5z-2-1-400x400.jpg 400w\" data-sizes=\"auto\" \/><\/a>\n\t\t\t<\/dt><\/dl><dl class='gallery-item'>\n\t\t\t<dt class='gallery-icon portrait'>\n\t\t\t\t<a data-rel=\"iLightbox[postimages]\" data-title=\"6z\" data-caption=\"\" href='https:\/\/arkamaluszka.pl\/wp-content\/uploads\/2025\/02\/6z-1.jpg'><img decoding=\"async\" width=\"400\" height=\"400\" src=\"https:\/\/arkamaluszka.pl\/wp-content\/uploads\/2025\/02\/6z-1-400x400.jpg\" class=\"attachment-thumbnail size-thumbnail lazyload\" alt=\"\" srcset=\"data:image\/svg+xml,%3Csvg%20xmlns%3D%27http%3A%2F%2Fwww.w3.org%2F2000%2Fsvg%27%20width%3D%271160%27%20height%3D%271500%27%20viewBox%3D%270%200%201160%201500%27%3E%3Crect%20width%3D%271160%27%20height%3D%271500%27%20fill-opacity%3D%220%22%2F%3E%3C%2Fsvg%3E\" data-orig-src=\"https:\/\/arkamaluszka.pl\/wp-content\/uploads\/2025\/02\/6z-1-400x400.jpg\" data-srcset=\"https:\/\/arkamaluszka.pl\/wp-content\/uploads\/2025\/02\/6z-1-66x66.jpg 66w, https:\/\/arkamaluszka.pl\/wp-content\/uploads\/2025\/02\/6z-1-400x400.jpg 400w\" data-sizes=\"auto\" \/><\/a>\n\t\t\t<\/dt><\/dl><br style=\"clear: both\" \/><dl class='gallery-item'>\n\t\t\t<dt class='gallery-icon portrait'>\n\t\t\t\t<a data-rel=\"iLightbox[postimages]\" data-title=\"7z\" data-caption=\"\" href='https:\/\/arkamaluszka.pl\/wp-content\/uploads\/2025\/02\/7z-1.jpg'><img decoding=\"async\" width=\"400\" height=\"400\" src=\"https:\/\/arkamaluszka.pl\/wp-content\/uploads\/2025\/02\/7z-1-400x400.jpg\" class=\"attachment-thumbnail size-thumbnail lazyload\" alt=\"\" srcset=\"data:image\/svg+xml,%3Csvg%20xmlns%3D%27http%3A%2F%2Fwww.w3.org%2F2000%2Fsvg%27%20width%3D%271200%27%20height%3D%271600%27%20viewBox%3D%270%200%201200%201600%27%3E%3Crect%20width%3D%271200%27%20height%3D%271600%27%20fill-opacity%3D%220%22%2F%3E%3C%2Fsvg%3E\" data-orig-src=\"https:\/\/arkamaluszka.pl\/wp-content\/uploads\/2025\/02\/7z-1-400x400.jpg\" data-srcset=\"https:\/\/arkamaluszka.pl\/wp-content\/uploads\/2025\/02\/7z-1-66x66.jpg 66w, https:\/\/arkamaluszka.pl\/wp-content\/uploads\/2025\/02\/7z-1-400x400.jpg 400w\" data-sizes=\"auto\" \/><\/a>\n\t\t\t<\/dt><\/dl><dl class='gallery-item'>\n\t\t\t<dt class='gallery-icon portrait'>\n\t\t\t\t<a data-rel=\"iLightbox[postimages]\" data-title=\"8z\" data-caption=\"\" href='https:\/\/arkamaluszka.pl\/wp-content\/uploads\/2025\/02\/8z-1.jpg'><img decoding=\"async\" width=\"400\" height=\"400\" src=\"https:\/\/arkamaluszka.pl\/wp-content\/uploads\/2025\/02\/8z-1-400x400.jpg\" class=\"attachment-thumbnail size-thumbnail lazyload\" alt=\"\" srcset=\"data:image\/svg+xml,%3Csvg%20xmlns%3D%27http%3A%2F%2Fwww.w3.org%2F2000%2Fsvg%27%20width%3D%271200%27%20height%3D%271600%27%20viewBox%3D%270%200%201200%201600%27%3E%3Crect%20width%3D%271200%27%20height%3D%271600%27%20fill-opacity%3D%220%22%2F%3E%3C%2Fsvg%3E\" data-orig-src=\"https:\/\/arkamaluszka.pl\/wp-content\/uploads\/2025\/02\/8z-1-400x400.jpg\" data-srcset=\"https:\/\/arkamaluszka.pl\/wp-content\/uploads\/2025\/02\/8z-1-66x66.jpg 66w, https:\/\/arkamaluszka.pl\/wp-content\/uploads\/2025\/02\/8z-1-400x400.jpg 400w\" data-sizes=\"auto\" \/><\/a>\n\t\t\t<\/dt><\/dl><dl class='gallery-item'>\n\t\t\t<dt class='gallery-icon landscape'>\n\t\t\t\t<a data-rel=\"iLightbox[postimages]\" data-title=\"9z\" data-caption=\"\" href='https:\/\/arkamaluszka.pl\/wp-content\/uploads\/2025\/02\/9z-1.jpg'><img decoding=\"async\" width=\"400\" height=\"400\" src=\"https:\/\/arkamaluszka.pl\/wp-content\/uploads\/2025\/02\/9z-1-400x400.jpg\" class=\"attachment-thumbnail size-thumbnail lazyload\" alt=\"\" srcset=\"data:image\/svg+xml,%3Csvg%20xmlns%3D%27http%3A%2F%2Fwww.w3.org%2F2000%2Fsvg%27%20width%3D%271600%27%20height%3D%271200%27%20viewBox%3D%270%200%201600%201200%27%3E%3Crect%20width%3D%271600%27%20height%3D%271200%27%20fill-opacity%3D%220%22%2F%3E%3C%2Fsvg%3E\" data-orig-src=\"https:\/\/arkamaluszka.pl\/wp-content\/uploads\/2025\/02\/9z-1-400x400.jpg\" data-srcset=\"https:\/\/arkamaluszka.pl\/wp-content\/uploads\/2025\/02\/9z-1-66x66.jpg 66w, https:\/\/arkamaluszka.pl\/wp-content\/uploads\/2025\/02\/9z-1-400x400.jpg 400w\" data-sizes=\"auto\" \/><\/a>\n\t\t\t<\/dt><\/dl><br style=\"clear: both\" \/><dl class='gallery-item'>\n\t\t\t<dt class='gallery-icon portrait'>\n\t\t\t\t<a data-rel=\"iLightbox[postimages]\" data-title=\"10z\" data-caption=\"\" href='https:\/\/arkamaluszka.pl\/wp-content\/uploads\/2025\/02\/10z-1.jpg'><img decoding=\"async\" width=\"400\" height=\"400\" src=\"https:\/\/arkamaluszka.pl\/wp-content\/uploads\/2025\/02\/10z-1-400x400.jpg\" class=\"attachment-thumbnail size-thumbnail lazyload\" alt=\"\" srcset=\"data:image\/svg+xml,%3Csvg%20xmlns%3D%27http%3A%2F%2Fwww.w3.org%2F2000%2Fsvg%27%20width%3D%271200%27%20height%3D%271600%27%20viewBox%3D%270%200%201200%201600%27%3E%3Crect%20width%3D%271200%27%20height%3D%271600%27%20fill-opacity%3D%220%22%2F%3E%3C%2Fsvg%3E\" data-orig-src=\"https:\/\/arkamaluszka.pl\/wp-content\/uploads\/2025\/02\/10z-1-400x400.jpg\" data-srcset=\"https:\/\/arkamaluszka.pl\/wp-content\/uploads\/2025\/02\/10z-1-66x66.jpg 66w, https:\/\/arkamaluszka.pl\/wp-content\/uploads\/2025\/02\/10z-1-400x400.jpg 400w\" data-sizes=\"auto\" \/><\/a>\n\t\t\t<\/dt><\/dl><dl class='gallery-item'>\n\t\t\t<dt class='gallery-icon portrait'>\n\t\t\t\t<a data-rel=\"iLightbox[postimages]\" data-title=\"11z\" data-caption=\"\" href='https:\/\/arkamaluszka.pl\/wp-content\/uploads\/2025\/02\/11z-1.jpg'><img decoding=\"async\" width=\"400\" height=\"400\" src=\"https:\/\/arkamaluszka.pl\/wp-content\/uploads\/2025\/02\/11z-1-400x400.jpg\" class=\"attachment-thumbnail size-thumbnail lazyload\" alt=\"\" srcset=\"data:image\/svg+xml,%3Csvg%20xmlns%3D%27http%3A%2F%2Fwww.w3.org%2F2000%2Fsvg%27%20width%3D%271200%27%20height%3D%271600%27%20viewBox%3D%270%200%201200%201600%27%3E%3Crect%20width%3D%271200%27%20height%3D%271600%27%20fill-opacity%3D%220%22%2F%3E%3C%2Fsvg%3E\" data-orig-src=\"https:\/\/arkamaluszka.pl\/wp-content\/uploads\/2025\/02\/11z-1-400x400.jpg\" data-srcset=\"https:\/\/arkamaluszka.pl\/wp-content\/uploads\/2025\/02\/11z-1-66x66.jpg 66w, https:\/\/arkamaluszka.pl\/wp-content\/uploads\/2025\/02\/11z-1-400x400.jpg 400w\" data-sizes=\"auto\" \/><\/a>\n\t\t\t<\/dt><\/dl><dl class='gallery-item'>\n\t\t\t<dt class='gallery-icon portrait'>\n\t\t\t\t<a data-rel=\"iLightbox[postimages]\" data-title=\"12z\" data-caption=\"\" href='https:\/\/arkamaluszka.pl\/wp-content\/uploads\/2025\/02\/12z-1.jpg'><img decoding=\"async\" width=\"400\" height=\"400\" src=\"https:\/\/arkamaluszka.pl\/wp-content\/uploads\/2025\/02\/12z-1-400x400.jpg\" class=\"attachment-thumbnail size-thumbnail lazyload\" alt=\"\" srcset=\"data:image\/svg+xml,%3Csvg%20xmlns%3D%27http%3A%2F%2Fwww.w3.org%2F2000%2Fsvg%27%20width%3D%271200%27%20height%3D%271600%27%20viewBox%3D%270%200%201200%201600%27%3E%3Crect%20width%3D%271200%27%20height%3D%271600%27%20fill-opacity%3D%220%22%2F%3E%3C%2Fsvg%3E\" data-orig-src=\"https:\/\/arkamaluszka.pl\/wp-content\/uploads\/2025\/02\/12z-1-400x400.jpg\" data-srcset=\"https:\/\/arkamaluszka.pl\/wp-content\/uploads\/2025\/02\/12z-1-66x66.jpg 66w, https:\/\/arkamaluszka.pl\/wp-content\/uploads\/2025\/02\/12z-1-400x400.jpg 400w\" data-sizes=\"auto\" \/><\/a>\n\t\t\t<\/dt><\/dl><br style=\"clear: both\" \/>\n\t\t<\/div>\n\n<\/div><\/div><\/div><\/div><\/div>\n","protected":false},"excerpt":{"rendered":"","protected":false},"author":1,"featured_media":0,"parent":0,"menu_order":0,"comment_status":"closed","ping_status":"closed","template":"","meta":{"footnotes":""},"class_list":["post-2592","page","type-page","status-publish","hentry"],"_links":{"self":[{"href":"https:\/\/arkamaluszka.pl\/index.php?rest_route=\/wp\/v2\/pages\/2592","targetHints":{"allow":["GET"]}}],"collection":[{"href":"https:\/\/arkamaluszka.pl\/index.php?rest_route=\/wp\/v2\/pages"}],"about":[{"href":"https:\/\/arkamaluszka.pl\/index.php?rest_route=\/wp\/v2\/types\/page"}],"author":[{"embeddable":true,"href":"https:\/\/arkamaluszka.pl\/index.php?rest_route=\/wp\/v2\/users\/1"}],"replies":[{"embeddable":true,"href":"https:\/\/arkamaluszka.pl\/index.php?rest_route=%2Fwp%2Fv2%2Fcomments&post=2592"}],"version-history":[{"count":8,"href":"https:\/\/arkamaluszka.pl\/index.php?rest_route=\/wp\/v2\/pages\/2592\/revisions"}],"predecessor-version":[{"id":9708,"href":"https:\/\/arkamaluszka.pl\/index.php?rest_route=\/wp\/v2\/pages\/2592\/revisions\/9708"}],"wp:attachment":[{"href":"https:\/\/arkamaluszka.pl\/index.php?rest_route=%2Fwp%2Fv2%2Fmedia&parent=2592"}],"curies":[{"name":"wp","href":"https:\/\/api.w.org\/{rel}","templated":true}]}}