{"id":5021,"date":"2023-05-19T10:19:21","date_gmt":"2023-05-19T08:19:21","guid":{"rendered":"https:\/\/arkamaluszka.pl\/?page_id=5021"},"modified":"2025-06-06T10:24:16","modified_gmt":"2025-06-06T08:24:16","slug":"aktualnosci","status":"publish","type":"page","link":"https:\/\/arkamaluszka.pl\/?page_id=5021","title":{"rendered":"Aktualno\u015bci"},"content":{"rendered":"<h4><img decoding=\"async\" class=\"lazyload wp-image-5034 alignright\" src=\"https:\/\/arkamaluszka.pl\/wp-content\/uploads\/2023\/05\/obraz-logo.png\" data-orig-src=\"https:\/\/arkamaluszka.pl\/wp-content\/uploads\/2023\/05\/obraz-logo.png\" alt=\"\" width=\"223\" height=\"101\" srcset=\"data:image\/svg+xml,%3Csvg%20xmlns%3D%27http%3A%2F%2Fwww.w3.org%2F2000%2Fsvg%27%20width%3D%27223%27%20height%3D%27101%27%20viewBox%3D%270%200%20223%20101%27%3E%3Crect%20width%3D%27223%27%20height%3D%27101%27%20fill-opacity%3D%220%22%2F%3E%3C%2Fsvg%3E\" data-srcset=\"https:\/\/arkamaluszka.pl\/wp-content\/uploads\/2023\/05\/obraz-logo-200x91.png 200w, https:\/\/arkamaluszka.pl\/wp-content\/uploads\/2023\/05\/obraz-logo.png 309w\" data-sizes=\"auto\" data-orig-sizes=\"(max-width: 223px) 100vw, 223px\" \/><\/h4>\n<h4><a href=\"https:\/\/arkamaluszka.pl\/aktualnosci\/3-oswiadcz-potwierdz-wole-przyjecia\/\" rel=\"attachment wp-att-9947\">*O\u015bwiadczenie potwierdzaj\u0105ce wol\u0119 przyj\u0119cia dziecka do \u017c\u0142obka<\/a><\/h4>\n<p>Rekrutacja uzupe\u0142niaj\u0105ca do Gminnego \u017b\u0142obka &#8222;Arka Maluszka&#8221;&nbsp;<\/p>\n<p>\ud83d\udc76 Szukasz miejsca dla swojego maluszka?<br data-start=\"295\" data-end=\"298\">Zapraszamy do naszej plac\u00f3wki, gdzie czeka ciep\u0142a, troskliwa opieka i bezpieczne otoczenie!<\/p>\n<p>&nbsp;<\/p>\n<h4><a href=\"https:\/\/arkamaluszka.pl\/aktualnosci\/rekrutacja-uzupelniajaca\/\" rel=\"attachment wp-att-9977\"><img decoding=\"async\" class=\"lazyload alignnone size-medium wp-image-9977\" src=\"https:\/\/arkamaluszka.pl\/wp-content\/uploads\/2025\/06\/Rekrutacja-uzupelniajaca-600x424.png\" data-orig-src=\"https:\/\/arkamaluszka.pl\/wp-content\/uploads\/2025\/06\/Rekrutacja-uzupelniajaca-600x424.png\" alt=\"\" width=\"600\" height=\"424\" srcset=\"data:image\/svg+xml,%3Csvg%20xmlns%3D%27http%3A%2F%2Fwww.w3.org%2F2000%2Fsvg%27%20width%3D%27600%27%20height%3D%27424%27%20viewBox%3D%270%200%20600%20424%27%3E%3Crect%20width%3D%27600%27%20height%3D%27424%27%20fill-opacity%3D%220%22%2F%3E%3C%2Fsvg%3E\" data-srcset=\"https:\/\/arkamaluszka.pl\/wp-content\/uploads\/2025\/06\/Rekrutacja-uzupelniajaca-200x141.png 200w, https:\/\/arkamaluszka.pl\/wp-content\/uploads\/2025\/06\/Rekrutacja-uzupelniajaca-400x283.png 400w, https:\/\/arkamaluszka.pl\/wp-content\/uploads\/2025\/06\/Rekrutacja-uzupelniajaca-600x424.png 600w, https:\/\/arkamaluszka.pl\/wp-content\/uploads\/2025\/06\/Rekrutacja-uzupelniajaca-768x543.png 768w, https:\/\/arkamaluszka.pl\/wp-content\/uploads\/2025\/06\/Rekrutacja-uzupelniajaca-800x566.png 800w, https:\/\/arkamaluszka.pl\/wp-content\/uploads\/2025\/06\/Rekrutacja-uzupelniajaca-1024x724.png 1024w, https:\/\/arkamaluszka.pl\/wp-content\/uploads\/2025\/06\/Rekrutacja-uzupelniajaca-1200x848.png 1200w, https:\/\/arkamaluszka.pl\/wp-content\/uploads\/2025\/06\/Rekrutacja-uzupelniajaca-1536x1086.png 1536w\" data-sizes=\"auto\" data-orig-sizes=\"(max-width: 600px) 100vw, 600px\" \/><\/a><\/h4>\n<p>&nbsp;<\/p>\n<p>&nbsp;<\/p>\n","protected":false},"excerpt":{"rendered":"<p>*O\u015bwiadczenie potwierdzaj\u0105ce wol\u0119 przyj\u0119cia dziecka do \u017c\u0142obka Rekrutacja uzupe\u0142niaj\u0105ca do  [&#8230;]<\/p>\n","protected":false},"author":3,"featured_media":0,"parent":0,"menu_order":0,"comment_status":"closed","ping_status":"closed","template":"","meta":{"footnotes":""},"class_list":["post-5021","page","type-page","status-publish","hentry"],"_links":{"self":[{"href":"https:\/\/arkamaluszka.pl\/index.php?rest_route=\/wp\/v2\/pages\/5021","targetHints":{"allow":["GET"]}}],"collection":[{"href":"https:\/\/arkamaluszka.pl\/index.php?rest_route=\/wp\/v2\/pages"}],"about":[{"href":"https:\/\/arkamaluszka.pl\/index.php?rest_route=\/wp\/v2\/types\/page"}],"author":[{"embeddable":true,"href":"https:\/\/arkamaluszka.pl\/index.php?rest_route=\/wp\/v2\/users\/3"}],"replies":[{"embeddable":true,"href":"https:\/\/arkamaluszka.pl\/index.php?rest_route=%2Fwp%2Fv2%2Fcomments&post=5021"}],"version-history":[{"count":22,"href":"https:\/\/arkamaluszka.pl\/index.php?rest_route=\/wp\/v2\/pages\/5021\/revisions"}],"predecessor-version":[{"id":9980,"href":"https:\/\/arkamaluszka.pl\/index.php?rest_route=\/wp\/v2\/pages\/5021\/revisions\/9980"}],"wp:attachment":[{"href":"https:\/\/arkamaluszka.pl\/index.php?rest_route=%2Fwp%2Fv2%2Fmedia&parent=5021"}],"curies":[{"name":"wp","href":"https:\/\/api.w.org\/{rel}","templated":true}]}}